{"id":15,"date":"2023-06-17T04:32:21","date_gmt":"2023-06-17T04:32:21","guid":{"rendered":"https:\/\/quemsomos.marcenariatiradentes.com.br\/?page_id=15"},"modified":"2026-01-27T13:03:40","modified_gmt":"2026-01-27T13:03:40","slug":"elementor-15","status":"publish","type":"page","link":"https:\/\/quemsomos.marcenariatiradentes.com.br\/","title":{"rendered":"In\u00edcio"},"content":{"rendered":"<style>\/*! elementor - v3.13.3 - 28-05-2023 *\/\n.elementor-heading-title{padding:0;margin:0;line-height:1}.elementor-widget-heading .elementor-heading-title[class*=elementor-size-]>a{color:inherit;font-size:inherit;line-height:inherit}.elementor-widget-heading .elementor-heading-title.elementor-size-small{font-size:15px}.elementor-widget-heading .elementor-heading-title.elementor-size-medium{font-size:19px}.elementor-widget-heading .elementor-heading-title.elementor-size-large{font-size:29px}.elementor-widget-heading .elementor-heading-title.elementor-size-xl{font-size:39px}.elementor-widget-heading .elementor-heading-title.elementor-size-xxl{font-size:59px}<\/style>\n<h2><a href=\"#quemsomos\">A Marcenaria<\/a><\/h2>\n<p>\t\t\t<a href=\"#quemsomos\" role=\"button\"><br \/>\n\t\t\t\t\t\tConhe\u00e7a mais<br \/>\n\t\t\t\t\t<\/a><\/p>\n<h2><a href=\"https:\/\/alambiquessantaefigenia.com.br\/2o-workshop-aprenda-a-produzir-gin\/\">Loja Online<\/a><\/h2>\n<p>\t\t\t<a href=\"https:\/\/www.marcenariatiradentes.com.br\/?utm_campaign=3_LP&#038;utm_medium=banner&#038;utm_source=landing_page&#038;utm_content=bot\u00e3o-header\" role=\"button\"><br \/>\n\t\t\t\t\t\tCOMPRE AQUI<br \/>\n\t\t\t\t\t<\/a><\/p>\n<h2><a href=\"https:\/\/alambiquessantaefigenia.com.br\/2o-workshop-aprenda-a-produzir-gin\/\">Fale com a atendente<\/a><\/h2>\n<p>\t\t\t<a href=\"https:\/\/api.whatsapp.com\/send?phone=553233552421&#038;text=Estou%20no%20seu%20site%20e%20gostaria%20de%20atendimento.\" role=\"button\"><br \/>\n\t\t\t\t\t\tWhatsApp<br \/>\n\t\t\t\t\t<\/a><br \/>\n\t\t<iframe loading=\"lazy\" title=\"Loja de M\u00f3veis R\u00fasticos e Decora\u00e7\u00f5es artesanais - Conhe\u00e7a a Marcenaria Tiradentes\" width=\"500\" height=\"281\" src=\"https:\/\/www.youtube.com\/embed\/JoWcZaNLaSM?feature=oembed\" frameborder=\"0\" allow=\"accelerometer; autoplay; clipboard-write; encrypted-media; gyroscope; picture-in-picture; web-share\" referrerpolicy=\"strict-origin-when-cross-origin\" allowfullscreen><\/iframe>\t\t<\/p>\n<h2>Quem Somos<\/h2>\n<h5><a href=\"https:\/\/alambiquessantaefigenia.com.br\/2o-workshop-aprenda-a-produzir-gin\/\">A maior loja de m\u00f3veis em madeira de demoli\u00e7\u00e3o de Tiradentes<\/a><\/h5>\n<style>\/*! elementor - v3.13.3 - 28-05-2023 *\/\n.elementor-widget-divider{--divider-border-style:none;--divider-border-width:1px;--divider-color:#0c0d0e;--divider-icon-size:20px;--divider-element-spacing:10px;--divider-pattern-height:24px;--divider-pattern-size:20px;--divider-pattern-url:none;--divider-pattern-repeat:repeat-x}.elementor-widget-divider .elementor-divider{display:flex}.elementor-widget-divider .elementor-divider__text{font-size:15px;line-height:1;max-width:95%}.elementor-widget-divider .elementor-divider__element{margin:0 var(--divider-element-spacing);flex-shrink:0}.elementor-widget-divider .elementor-icon{font-size:var(--divider-icon-size)}.elementor-widget-divider .elementor-divider-separator{display:flex;margin:0;direction:ltr}.elementor-widget-divider--view-line_icon .elementor-divider-separator,.elementor-widget-divider--view-line_text .elementor-divider-separator{align-items:center}.elementor-widget-divider--view-line_icon .elementor-divider-separator:after,.elementor-widget-divider--view-line_icon .elementor-divider-separator:before,.elementor-widget-divider--view-line_text .elementor-divider-separator:after,.elementor-widget-divider--view-line_text .elementor-divider-separator:before{display:block;content:\"\";border-bottom:0;flex-grow:1;border-top:var(--divider-border-width) var(--divider-border-style) var(--divider-color)}.elementor-widget-divider--element-align-left .elementor-divider .elementor-divider-separator>.elementor-divider__svg:first-of-type{flex-grow:0;flex-shrink:100}.elementor-widget-divider--element-align-left .elementor-divider-separator:before{content:none}.elementor-widget-divider--element-align-left .elementor-divider__element{margin-left:0}.elementor-widget-divider--element-align-right .elementor-divider .elementor-divider-separator>.elementor-divider__svg:last-of-type{flex-grow:0;flex-shrink:100}.elementor-widget-divider--element-align-right .elementor-divider-separator:after{content:none}.elementor-widget-divider--element-align-right .elementor-divider__element{margin-right:0}.elementor-widget-divider:not(.elementor-widget-divider--view-line_text):not(.elementor-widget-divider--view-line_icon) .elementor-divider-separator{border-top:var(--divider-border-width) var(--divider-border-style) var(--divider-color)}.elementor-widget-divider--separator-type-pattern{--divider-border-style:none}.elementor-widget-divider--separator-type-pattern.elementor-widget-divider--view-line .elementor-divider-separator,.elementor-widget-divider--separator-type-pattern:not(.elementor-widget-divider--view-line) .elementor-divider-separator:after,.elementor-widget-divider--separator-type-pattern:not(.elementor-widget-divider--view-line) .elementor-divider-separator:before,.elementor-widget-divider--separator-type-pattern:not([class*=elementor-widget-divider--view]) .elementor-divider-separator{width:100%;min-height:var(--divider-pattern-height);-webkit-mask-size:var(--divider-pattern-size) 100%;mask-size:var(--divider-pattern-size) 100%;-webkit-mask-repeat:var(--divider-pattern-repeat);mask-repeat:var(--divider-pattern-repeat);background-color:var(--divider-color);-webkit-mask-image:var(--divider-pattern-url);mask-image:var(--divider-pattern-url)}.elementor-widget-divider--no-spacing{--divider-pattern-size:auto}.elementor-widget-divider--bg-round{--divider-pattern-repeat:round}.rtl .elementor-widget-divider .elementor-divider__text{direction:rtl}.e-con-inner>.elementor-widget-divider,.e-con>.elementor-widget-divider{width:var(--container-widget-width,100%);--flex-grow:var(--container-widget-flex-grow)}<\/style>\n<p>Uma empresa familiar, com o intuito de servir ao nosso cliente da melhor forma poss\u00edvel. Nossos produtos foram desenvolvidos, acabados e escolhidos para atender v\u00e1rias necessidades do mercado.<\/p>\n<p>Procuramos sempre melhorar e nesta busca, e por isso, criamos o site para aproximar os clientes a qualquer momento do dia.<\/p>\n<h2><a href=\"https:\/\/www.marcenariatiradentes.com.br\/moveis?utm_campaign=3_LP&#038;utm_medium=banner&#038;utm_source=landing_page&#038;utm_term=m\u00f3veis&#038;utm_content=IMG1\">M\u00f3veis Artesanais<\/a><\/h2>\n<h2><a href=\"https:\/\/www.marcenariatiradentes.com.br\/ferro-fundido?utm_campaign=3_LP&#038;utm_medium=banner&#038;utm_source=landing_page&#038;utm_term=ferrofundido&#038;utm_content=IMG1\">Ferro Fundido<\/a><\/h2>\n<h2><a href=\"https:\/\/www.marcenariatiradentes.com.br\/iluminacao?utm_campaign=3_LP&#038;utm_medium=banner&#038;utm_source=landing_page&#038;utm_term=Ilumina\u00e7\u00e3o&#038;utm_content=IMG1\">Ilumina\u00e7\u00e3o<\/a><\/h2>\n<h2><a href=\"https:\/\/www.marcenariatiradentes.com.br\/utilidades?utm_campaign=3_LP&#038;utm_medium=banner&#038;utm_source=landing_page&#038;utm_term=mesa-posta&#038;utm_content=IMG1\">Mesa Posta<\/a><\/h2>\n<h2><a href=\"https:\/\/www.marcenariatiradentes.com.br\/produto\/decoracao?utm_campaign=3_LP&#038;utm_medium=banner&#038;utm_source=landing_page&#038;utm_term=decora\u00e7\u00e3o&#038;utm_content=IMG1\">Decora\u00e7\u00e3o<\/a><\/h2>\n<h2><a href=\"https:\/\/alambiquessantaefigenia.com.br\/2o-workshop-aprenda-a-produzir-gin\/\">Transforme seus ambientes<\/a><\/h2>\n<h5><a href=\"https:\/\/alambiquessantaefigenia.com.br\/2o-workshop-aprenda-a-produzir-gin\/\">a jornada para um lar extremamente \u00fanico come\u00e7a aqui<\/a><\/h5>\n<style>\/*! elementor - v3.13.3 - 28-05-2023 *\/\n.elementor-accordion{text-align:left}.elementor-accordion .elementor-accordion-item{border:1px solid #d5d8dc}.elementor-accordion .elementor-accordion-item+.elementor-accordion-item{border-top:none}.elementor-accordion .elementor-tab-title{margin:0;padding:15px 20px;font-weight:700;line-height:1;cursor:pointer;outline:none}.elementor-accordion .elementor-tab-title .elementor-accordion-icon{display:inline-block;width:1.5em}.elementor-accordion .elementor-tab-title .elementor-accordion-icon svg{width:1em;height:1em}.elementor-accordion .elementor-tab-title .elementor-accordion-icon.elementor-accordion-icon-right{float:right;text-align:right}.elementor-accordion .elementor-tab-title .elementor-accordion-icon.elementor-accordion-icon-left{float:left;text-align:left}.elementor-accordion .elementor-tab-title .elementor-accordion-icon .elementor-accordion-icon-closed{display:block}.elementor-accordion .elementor-tab-title .elementor-accordion-icon .elementor-accordion-icon-opened,.elementor-accordion .elementor-tab-title.elementor-active .elementor-accordion-icon-closed{display:none}.elementor-accordion .elementor-tab-title.elementor-active .elementor-accordion-icon-opened{display:block}.elementor-accordion .elementor-tab-content{display:none;padding:15px 20px;border-top:1px solid #d5d8dc}@media (max-width:767px){.elementor-accordion .elementor-tab-title{padding:12px 15px}.elementor-accordion .elementor-tab-title .elementor-accordion-icon{width:1.2em}.elementor-accordion .elementor-tab-content{padding:7px 15px}}.e-con-inner>.elementor-widget-accordion,.e-con>.elementor-widget-accordion{width:var(--container-widget-width);--flex-grow:var(--container-widget-flex-grow)}<\/style>\n<p>\t\t\t\t\t\t\t\t\t\t\t\t\t\t\t<svg viewBox=\"0 0 448 512\" xmlns=\"http:\/\/www.w3.org\/2000\/svg\"><path d=\"M416 208H272V64c0-17.67-14.33-32-32-32h-32c-17.67 0-32 14.33-32 32v144H32c-17.67 0-32 14.33-32 32v32c0 17.67 14.33 32 32 32h144v144c0 17.67 14.33 32 32 32h32c17.67 0 32-14.33 32-32V304h144c17.67 0 32-14.33 32-32v-32c0-17.67-14.33-32-32-32z\"><\/path><\/svg><br \/>\n\t\t\t\t\t\t\t\t<svg viewBox=\"0 0 448 512\" xmlns=\"http:\/\/www.w3.org\/2000\/svg\"><path d=\"M416 208H32c-17.67 0-32 14.33-32 32v32c0 17.67 14.33 32 32 32h384c17.67 0 32-14.33 32-32v-32c0-17.67-14.33-32-32-32z\"><\/path><\/svg><br \/>\n\t\t\t\t\t\t\t\t\t\t\t\t<a href=\"\">Exclusividade<\/a><\/p>\n<p>Nossas exclusivas pe\u00e7as de decora\u00e7\u00e3o s\u00e3o fruto das incans\u00e1veis buscas de nossas compradoras, Vanilce e Gabriela Barbosa, ao redor do mundo. Elas foram cuidadosamente selecionadas para atender a variados estilos de decora\u00e7\u00e3o.<\/p>\n<p>\t\t\t\t\t\t\t\t\t\t\t\t\t\t\t<svg viewBox=\"0 0 448 512\" xmlns=\"http:\/\/www.w3.org\/2000\/svg\"><path d=\"M416 208H272V64c0-17.67-14.33-32-32-32h-32c-17.67 0-32 14.33-32 32v144H32c-17.67 0-32 14.33-32 32v32c0 17.67 14.33 32 32 32h144v144c0 17.67 14.33 32 32 32h32c17.67 0 32-14.33 32-32V304h144c17.67 0 32-14.33 32-32v-32c0-17.67-14.33-32-32-32z\"><\/path><\/svg><br \/>\n\t\t\t\t\t\t\t\t<svg viewBox=\"0 0 448 512\" xmlns=\"http:\/\/www.w3.org\/2000\/svg\"><path d=\"M416 208H32c-17.67 0-32 14.33-32 32v32c0 17.67 14.33 32 32 32h384c17.67 0 32-14.33 32-32v-32c0-17.67-14.33-32-32-32z\"><\/path><\/svg><br \/>\n\t\t\t\t\t\t\t\t\t\t\t\t<a href=\"\">Durabilidade<\/a><\/p>\n<p>A durabilidade e unicidade s\u00e3o garantidas pela fabrica\u00e7\u00e3o artesanal. As pe\u00e7as em Ferro Fundido contam com formas pr\u00f3prias, sendo parte de nossa cole\u00e7\u00e3o exclusiva, ou criadas por um especialista artista pl\u00e1stico.<\/p>\n<p>\t\t\t\t\t\t\t\t\t\t\t\t\t\t\t<svg viewBox=\"0 0 448 512\" xmlns=\"http:\/\/www.w3.org\/2000\/svg\"><path d=\"M416 208H272V64c0-17.67-14.33-32-32-32h-32c-17.67 0-32 14.33-32 32v144H32c-17.67 0-32 14.33-32 32v32c0 17.67 14.33 32 32 32h144v144c0 17.67 14.33 32 32 32h32c17.67 0 32-14.33 32-32V304h144c17.67 0 32-14.33 32-32v-32c0-17.67-14.33-32-32-32z\"><\/path><\/svg><br \/>\n\t\t\t\t\t\t\t\t<svg viewBox=\"0 0 448 512\" xmlns=\"http:\/\/www.w3.org\/2000\/svg\"><path d=\"M416 208H32c-17.67 0-32 14.33-32 32v32c0 17.67 14.33 32 32 32h384c17.67 0 32-14.33 32-32v-32c0-17.67-14.33-32-32-32z\"><\/path><\/svg><br \/>\n\t\t\t\t\t\t\t\t\t\t\t\t<a href=\"\">Sustentabilidade<\/a><\/p>\n<p>J\u00e1 as pe\u00e7as em Madeira de Demoli\u00e7\u00e3o incorporam o conceito de sustentabilidade, reciclando madeiras de constru\u00e7\u00f5es antigas demolidas, dando-lhes uma nova vida em nossas pe\u00e7as.<\/p>\n<p>\t\t\t\t\t\t\t\t\t\t\t\t\t\t\t<svg viewBox=\"0 0 448 512\" xmlns=\"http:\/\/www.w3.org\/2000\/svg\"><path d=\"M416 208H272V64c0-17.67-14.33-32-32-32h-32c-17.67 0-32 14.33-32 32v144H32c-17.67 0-32 14.33-32 32v32c0 17.67 14.33 32 32 32h144v144c0 17.67 14.33 32 32 32h32c17.67 0 32-14.33 32-32V304h144c17.67 0 32-14.33 32-32v-32c0-17.67-14.33-32-32-32z\"><\/path><\/svg><br \/>\n\t\t\t\t\t\t\t\t<svg viewBox=\"0 0 448 512\" xmlns=\"http:\/\/www.w3.org\/2000\/svg\"><path d=\"M416 208H32c-17.67 0-32 14.33-32 32v32c0 17.67 14.33 32 32 32h384c17.67 0 32-14.33 32-32v-32c0-17.67-14.33-32-32-32z\"><\/path><\/svg><br \/>\n\t\t\t\t\t\t\t\t\t\t\t\t<a href=\"\">Originalidade<\/a><\/p>\n<p>Nossos artes\u00e3os recebem as ideias mais originais e \u00fanicas, garantindo um acabamento diferenciado e a qualidade final de cada produto. Al\u00e9m disso, nossas embalagens s\u00e3o planejadas para que todas as pe\u00e7as cheguem \u00e0 sua casa da melhor maneira poss\u00edvel.<\/p>\n<h2><a href=\"https:\/\/alambiquessantaefigenia.com.br\/2o-workshop-aprenda-a-produzir-gin\/\">Satisfa\u00e7\u00e3o do Cliente<\/a><\/h2>\n<h5><a href=\"https:\/\/alambiquessantaefigenia.com.br\/2o-workshop-aprenda-a-produzir-gin\/\">Esse \u00e9 o nosso maior objetivo. Veja o que dizem alguns dos nossos clientes<\/a><\/h5>\n<p>\t\t[trustindex no-registration=google]\t\t<\/p>\n<h2><a href=\"https:\/\/alambiquessantaefigenia.com.br\/2o-workshop-aprenda-a-produzir-gin\/\">Venha nos visitar<\/a><\/h2>\n<h5><a href=\"https:\/\/alambiquessantaefigenia.com.br\/2o-workshop-aprenda-a-produzir-gin\/\">Ser\u00e1 um prazer lhe receber!<\/a><\/h5>\n<p>Em nosso espa\u00e7o, voc\u00ea poder\u00e1 conhecer de perto os detalhes minuciosos de nossas pe\u00e7as \u00fanicas, o requinte do nosso trabalho em madeira de demoli\u00e7\u00e3o e o charme singular das pe\u00e7as em ferro fundido.<\/p>\n<style>\/*! elementor - v3.13.3 - 28-05-2023 *\/\n.elementor-widget-google_maps .elementor-widget-container{overflow:hidden}.elementor-widget-google_maps .elementor-custom-embed{line-height:0}.elementor-widget-google_maps iframe{height:300px}<\/style>\n<p>\t\t\t<iframe loading=\"lazy\"\n\t\t\t\t\tsrc=\"https:\/\/maps.google.com\/maps?q=Marcenaria%20Tiradentes%20-%20Rua%20dos%20Inconfidentes%20-%20Tiradentes%2C%20MG&#038;t=m&#038;z=16&#038;output=embed&#038;iwloc=near\"\n\t\t\t\t\ttitle=\"Marcenaria Tiradentes - Rua dos Inconfidentes - Tiradentes, MG\"\n\t\t\t\t\taria-label=\"Marcenaria Tiradentes - Rua dos Inconfidentes - Tiradentes, MG\"\n\t\t\t><\/iframe><\/p>\n","protected":false},"excerpt":{"rendered":"<p>A Marcenaria Conhe\u00e7a mais Loja Online COMPRE AQUI Fale com a atendente WhatsApp Quem Somos A maior loja de m\u00f3veis em madeira de demoli\u00e7\u00e3o de Tiradentes Uma empresa familiar, com o intuito de servir ao nosso cliente da melhor forma poss\u00edvel. Nossos produtos foram desenvolvidos, acabados e escolhidos para atender v\u00e1rias necessidades do mercado. Procuramos [&hellip;]<\/p>\n","protected":false},"author":1,"featured_media":0,"parent":0,"menu_order":0,"comment_status":"closed","ping_status":"closed","template":"","meta":[],"_links":{"self":[{"href":"https:\/\/quemsomos.marcenariatiradentes.com.br\/index.php\/wp-json\/wp\/v2\/pages\/15"}],"collection":[{"href":"https:\/\/quemsomos.marcenariatiradentes.com.br\/index.php\/wp-json\/wp\/v2\/pages"}],"about":[{"href":"https:\/\/quemsomos.marcenariatiradentes.com.br\/index.php\/wp-json\/wp\/v2\/types\/page"}],"author":[{"embeddable":true,"href":"https:\/\/quemsomos.marcenariatiradentes.com.br\/index.php\/wp-json\/wp\/v2\/users\/1"}],"replies":[{"embeddable":true,"href":"https:\/\/quemsomos.marcenariatiradentes.com.br\/index.php\/wp-json\/wp\/v2\/comments?post=15"}],"version-history":[{"count":199,"href":"https:\/\/quemsomos.marcenariatiradentes.com.br\/index.php\/wp-json\/wp\/v2\/pages\/15\/revisions"}],"predecessor-version":[{"id":436,"href":"https:\/\/quemsomos.marcenariatiradentes.com.br\/index.php\/wp-json\/wp\/v2\/pages\/15\/revisions\/436"}],"wp:attachment":[{"href":"https:\/\/quemsomos.marcenariatiradentes.com.br\/index.php\/wp-json\/wp\/v2\/media?parent=15"}],"curies":[{"name":"wp","href":"https:\/\/api.w.org\/{rel}","templated":true}]}}